{"id":8455,"date":"2025-07-21T13:17:57","date_gmt":"2025-07-21T13:17:57","guid":{"rendered":"https:\/\/villa-granada.a3comunicacion.com\/lenvironnement\/"},"modified":"2025-07-23T04:47:02","modified_gmt":"2025-07-23T04:47:02","slug":"lenvironnement","status":"publish","type":"page","link":"https:\/\/villa-granada.com\/fr\/lenvironnement\/","title":{"rendered":"L&rsquo;environnement"},"content":{"rendered":"\t\t<div data-elementor-type=\"wp-page\" data-elementor-id=\"8455\" class=\"elementor elementor-8455 elementor-7181\" data-elementor-post-type=\"page\">\n\t\t\t\t<div class=\"elementor-element elementor-element-f5749f1 e-flex e-con-boxed e-con e-parent\" data-id=\"f5749f1\" data-element_type=\"container\" data-e-type=\"container\" data-settings=\"{&quot;background_background&quot;:&quot;classic&quot;}\">\n\t\t\t\t\t<div class=\"e-con-inner\">\n\t\t\t\t<div class=\"elementor-element elementor-element-2459eaf elementor-widget elementor-widget-spacer\" data-id=\"2459eaf\" data-element_type=\"widget\" data-e-type=\"widget\" data-widget_type=\"spacer.default\">\n\t\t\t\t\t\t\t<div class=\"elementor-spacer\">\n\t\t\t<div class=\"elementor-spacer-inner\"><\/div>\n\t\t<\/div>\n\t\t\t\t\t\t<\/div>\n\t\t\t\t\t<\/div>\n\t\t\t\t<\/div>\n\t\t<div class=\"elementor-element elementor-element-86f958a e-flex e-con-boxed e-con e-parent\" data-id=\"86f958a\" data-element_type=\"container\" data-e-type=\"container\">\n\t\t\t\t\t<div class=\"e-con-inner\">\n\t\t<div class=\"elementor-element elementor-element-7dee682 e-con-full e-flex e-con e-child\" data-id=\"7dee682\" data-element_type=\"container\" data-e-type=\"container\" data-settings=\"{&quot;background_background&quot;:&quot;classic&quot;}\">\n\t\t\t\t<div class=\"elementor-element elementor-element-67ff672 elementor-widget elementor-widget-heading\" data-id=\"67ff672\" data-element_type=\"widget\" data-e-type=\"widget\" data-widget_type=\"heading.default\">\n\t\t\t\t\t<h1 class=\"elementor-heading-title elementor-size-default\">Les environs de la Villa Granada Motril<\/h1>\t\t\t\t<\/div>\n\t\t\t\t<div class=\"elementor-element elementor-element-4f1c263 elementor-widget elementor-widget-text-editor\" data-id=\"4f1c263\" data-element_type=\"widget\" data-e-type=\"widget\" data-widget_type=\"text-editor.default\">\n\t\t\t\t\t\t\t\t\t<div id=\"comp-lbjn0a352\" class=\"Z_l5lU ku3DBC zQ9jDz qvSjx3 Vq6kJx comp-lbjn0a352 wixui-rich-text\" data-testid=\"richTextElement\"><p class=\"font_8 wixui-rich-text__text\"><span class=\"wixui-rich-text__text\">Motril, o\u00f9 se trouve l&rsquo;h\u00e9bergement de groupes Villa Granada, est une ville c\u00f4ti\u00e8re de la province de Grenade, en Andalousie, en Espagne. Au c\u0153ur de la Costa Tropical, Motril jouit d&rsquo;une situation privil\u00e9gi\u00e9e qui la rend tr\u00e8s attrayante pour les touristes. Motril poss\u00e8de des plages et des montagnes et se trouve \u00e0 quelques kilom\u00e8tres seulement des villes de Malaga, Grenade et Almeria et de leurs merveilleux monuments, tels que l&rsquo;Alhambra, l&rsquo;Alpujarra de Grenade, l&rsquo;Alcazaba de Malaga ou les plages vierges de Cabo de Gata.<\/span><\/p><\/div>\t\t\t\t\t\t\t\t<\/div>\n\t\t\t\t<\/div>\n\t\t\t\t\t<\/div>\n\t\t\t\t<\/div>\n\t\t<div class=\"elementor-element elementor-element-e81e0cc e-flex e-con-boxed e-con e-parent\" data-id=\"e81e0cc\" data-element_type=\"container\" data-e-type=\"container\">\n\t\t\t\t\t<div class=\"e-con-inner\">\n\t\t<div class=\"elementor-element elementor-element-c45f279 e-con-full e-flex e-con e-child\" data-id=\"c45f279\" data-element_type=\"container\" data-e-type=\"container\">\n\t\t\t\t<div class=\"elementor-element elementor-element-6923b3d elementor-widget elementor-widget-image\" data-id=\"6923b3d\" data-element_type=\"widget\" data-e-type=\"widget\" data-widget_type=\"image.default\">\n\t\t\t\t\t\t\t\t\t\t\t\t\t\t\t<img fetchpriority=\"high\" decoding=\"async\" width=\"756\" height=\"566\" src=\"https:\/\/villa-granada.com\/wp-content\/uploads\/2025\/07\/Puesta-de-sol-y-palmeras.jpg\" class=\"attachment-full size-full wp-image-8282\" alt=\"\" srcset=\"https:\/\/villa-granada.com\/wp-content\/uploads\/2025\/07\/Puesta-de-sol-y-palmeras.jpg 756w, https:\/\/villa-granada.com\/wp-content\/uploads\/2025\/07\/Puesta-de-sol-y-palmeras-300x225.jpg 300w, https:\/\/villa-granada.com\/wp-content\/uploads\/2025\/07\/Puesta-de-sol-y-palmeras-600x449.jpg 600w\" sizes=\"(max-width: 756px) 100vw, 756px\" \/>\t\t\t\t\t\t\t\t\t\t\t\t\t\t\t<\/div>\n\t\t\t\t<\/div>\n\t\t<div class=\"elementor-element elementor-element-cab293c e-con-full e-flex e-con e-child\" data-id=\"cab293c\" data-element_type=\"container\" data-e-type=\"container\">\n\t\t\t\t<div class=\"elementor-element elementor-element-58366d6 elementor-widget elementor-widget-heading\" data-id=\"58366d6\" data-element_type=\"widget\" data-e-type=\"widget\" data-widget_type=\"heading.default\">\n\t\t\t\t\t<h2 class=\"elementor-heading-title elementor-size-default\">01 <br>Motril et Costa Tropical\n<\/h2>\t\t\t\t<\/div>\n\t\t\t\t<div class=\"elementor-element elementor-element-14bc3ff elementor-widget elementor-widget-text-editor\" data-id=\"14bc3ff\" data-element_type=\"widget\" data-e-type=\"widget\" data-widget_type=\"text-editor.default\">\n\t\t\t\t\t\t\t\t\t<p><span class=\"wixui-rich-text__text\">Motril est une belle ville baln\u00e9aire situ\u00e9e sur la c\u00f4te sud de l&rsquo;Espagne, dans la province de Grenade. Connue comme la capitale de la Costa Tropical, cette r\u00e9gion s&rsquo;\u00e9tend sur plus de 50 kilom\u00e8tres de c\u00f4te et b\u00e9n\u00e9ficie d&rsquo;un climat subtropical unique qui nous permet d&rsquo;avoir plus de 320 jours de soleil par an. A<\/span><span class=\"wixui-rich-text__text\">  \u00c0 quelques kilom\u00e8tres de Motril, vous trouverez de charmants petits villages de p\u00eacheurs, comme Salobre\u00f1a ou Almu\u00f1\u00e9car, qui ont conserv\u00e9 leur saveur traditionnelle et leur riche histoire.<\/span><\/p>\t\t\t\t\t\t\t\t<\/div>\n\t\t\t\t<\/div>\n\t\t\t\t\t<\/div>\n\t\t\t\t<\/div>\n\t\t<div class=\"elementor-element elementor-element-771fc74 e-flex e-con-boxed e-con e-parent\" data-id=\"771fc74\" data-element_type=\"container\" data-e-type=\"container\">\n\t\t\t\t\t<div class=\"e-con-inner\">\n\t\t\t\t<div class=\"elementor-element elementor-element-2e01cc9 elementor-widget-divider--view-line elementor-widget elementor-widget-divider\" data-id=\"2e01cc9\" data-element_type=\"widget\" data-e-type=\"widget\" data-widget_type=\"divider.default\">\n\t\t\t\t\t\t\t<div class=\"elementor-divider\">\n\t\t\t<span class=\"elementor-divider-separator\">\n\t\t\t\t\t\t<\/span>\n\t\t<\/div>\n\t\t\t\t\t\t<\/div>\n\t\t\t\t\t<\/div>\n\t\t\t\t<\/div>\n\t\t<div class=\"elementor-element elementor-element-716787a e-flex e-con-boxed e-con e-parent\" data-id=\"716787a\" data-element_type=\"container\" data-e-type=\"container\">\n\t\t\t\t\t<div class=\"e-con-inner\">\n\t\t<div class=\"elementor-element elementor-element-3e14d9e e-con-full e-flex e-con e-child\" data-id=\"3e14d9e\" data-element_type=\"container\" data-e-type=\"container\">\n\t\t\t\t<div class=\"elementor-element elementor-element-70a8316 elementor-widget elementor-widget-heading\" data-id=\"70a8316\" data-element_type=\"widget\" data-e-type=\"widget\" data-widget_type=\"heading.default\">\n\t\t\t\t\t<h2 class=\"elementor-heading-title elementor-size-default\">02 <br>Club de golf Los Moriscos et plage de Grenade\n<\/h2>\t\t\t\t<\/div>\n\t\t\t\t<div class=\"elementor-element elementor-element-05f0f69 elementor-widget elementor-widget-text-editor\" data-id=\"05f0f69\" data-element_type=\"widget\" data-e-type=\"widget\" data-widget_type=\"text-editor.default\">\n\t\t\t\t\t\t\t\t\t<p>Motril est connu des golfeurs pour son imposant terrain de golf \u00ab\u00a0Los Moriscos\u00a0\u00bb, dans une enclave strat\u00e9gique surplombant la Sierra Nevada et la mer M\u00e9diterran\u00e9e, \u00e0 moins de 100 m\u00e8tres du bord de mer.<\/p>\t\t\t\t\t\t\t\t<\/div>\n\t\t\t\t<\/div>\n\t\t<div class=\"elementor-element elementor-element-30eeb9e e-con-full e-flex e-con e-child\" data-id=\"30eeb9e\" data-element_type=\"container\" data-e-type=\"container\">\n\t\t\t\t<div class=\"elementor-element elementor-element-fd8e1d7 elementor-widget elementor-widget-image\" data-id=\"fd8e1d7\" data-element_type=\"widget\" data-e-type=\"widget\" data-widget_type=\"image.default\">\n\t\t\t\t\t\t\t\t\t\t\t\t\t\t\t<img decoding=\"async\" width=\"756\" height=\"566\" src=\"https:\/\/villa-granada.com\/wp-content\/uploads\/2025\/07\/Image-by-Courtney-Cook.jpg\" class=\"attachment-full size-full wp-image-8285\" alt=\"\" srcset=\"https:\/\/villa-granada.com\/wp-content\/uploads\/2025\/07\/Image-by-Courtney-Cook.jpg 756w, https:\/\/villa-granada.com\/wp-content\/uploads\/2025\/07\/Image-by-Courtney-Cook-300x225.jpg 300w, https:\/\/villa-granada.com\/wp-content\/uploads\/2025\/07\/Image-by-Courtney-Cook-600x449.jpg 600w\" sizes=\"(max-width: 756px) 100vw, 756px\" \/>\t\t\t\t\t\t\t\t\t\t\t\t\t\t\t<\/div>\n\t\t\t\t<\/div>\n\t\t\t\t\t<\/div>\n\t\t\t\t<\/div>\n\t\t<div class=\"elementor-element elementor-element-ec26c56 e-flex e-con-boxed e-con e-parent\" data-id=\"ec26c56\" data-element_type=\"container\" data-e-type=\"container\">\n\t\t\t\t\t<div class=\"e-con-inner\">\n\t\t\t\t<div class=\"elementor-element elementor-element-a9e59ba elementor-widget-divider--view-line elementor-widget elementor-widget-divider\" data-id=\"a9e59ba\" data-element_type=\"widget\" data-e-type=\"widget\" data-widget_type=\"divider.default\">\n\t\t\t\t\t\t\t<div class=\"elementor-divider\">\n\t\t\t<span class=\"elementor-divider-separator\">\n\t\t\t\t\t\t<\/span>\n\t\t<\/div>\n\t\t\t\t\t\t<\/div>\n\t\t\t\t\t<\/div>\n\t\t\t\t<\/div>\n\t\t<div class=\"elementor-element elementor-element-e60b4a3 e-flex e-con-boxed e-con e-parent\" data-id=\"e60b4a3\" data-element_type=\"container\" data-e-type=\"container\">\n\t\t\t\t\t<div class=\"e-con-inner\">\n\t\t<div class=\"elementor-element elementor-element-47f9678 e-con-full e-flex e-con e-child\" data-id=\"47f9678\" data-element_type=\"container\" data-e-type=\"container\">\n\t\t\t\t<div class=\"elementor-element elementor-element-13bec36 elementor-widget elementor-widget-image\" data-id=\"13bec36\" data-element_type=\"widget\" data-e-type=\"widget\" data-widget_type=\"image.default\">\n\t\t\t\t\t\t\t\t\t\t\t\t\t\t\t<img decoding=\"async\" width=\"756\" height=\"566\" src=\"https:\/\/villa-granada.com\/wp-content\/uploads\/2025\/07\/Image-by-Vidar-Nordli-Mathisen.jpg\" class=\"attachment-full size-full wp-image-8288\" alt=\"\" srcset=\"https:\/\/villa-granada.com\/wp-content\/uploads\/2025\/07\/Image-by-Vidar-Nordli-Mathisen.jpg 756w, https:\/\/villa-granada.com\/wp-content\/uploads\/2025\/07\/Image-by-Vidar-Nordli-Mathisen-300x225.jpg 300w, https:\/\/villa-granada.com\/wp-content\/uploads\/2025\/07\/Image-by-Vidar-Nordli-Mathisen-600x449.jpg 600w\" sizes=\"(max-width: 756px) 100vw, 756px\" \/>\t\t\t\t\t\t\t\t\t\t\t\t\t\t\t<\/div>\n\t\t\t\t<\/div>\n\t\t<div class=\"elementor-element elementor-element-baeb17d e-con-full e-flex e-con e-child\" data-id=\"baeb17d\" data-element_type=\"container\" data-e-type=\"container\">\n\t\t\t\t<div class=\"elementor-element elementor-element-edcb8a8 elementor-widget elementor-widget-heading\" data-id=\"edcb8a8\" data-element_type=\"widget\" data-e-type=\"widget\" data-widget_type=\"heading.default\">\n\t\t\t\t\t<h2 class=\"elementor-heading-title elementor-size-default\">03 <br>D\u00e9couvrez Grenade et l'Alhambra  \n<\/h2>\t\t\t\t<\/div>\n\t\t\t\t<div class=\"elementor-element elementor-element-b86b6bd elementor-widget elementor-widget-text-editor\" data-id=\"b86b6bd\" data-element_type=\"widget\" data-e-type=\"widget\" data-widget_type=\"text-editor.default\">\n\t\t\t\t\t\t\t\t\t<p>Grenade, qui se trouve \u00e0 une soixantaine de kilom\u00e8tres au nord. Grenade est connue pour sa riche histoire, son impressionnant patrimoine culturel et son c\u00e9l\u00e8bre Alhambra, l&rsquo;un des monuments les plus visit\u00e9s d&rsquo;Espagne. Il est possible de visiter Grenade en une journ\u00e9e depuis Motril, que ce soit en voiture ou en transports publics, ce qui fait de la Villa Granada l&rsquo;h\u00e9bergement de vacances id\u00e9al pour d\u00e9couvrir la ville magique de Grenade.<\/p>\t\t\t\t\t\t\t\t<\/div>\n\t\t\t\t<\/div>\n\t\t\t\t\t<\/div>\n\t\t\t\t<\/div>\n\t\t<div class=\"elementor-element elementor-element-4d3d6c5 e-flex e-con-boxed e-con e-parent\" data-id=\"4d3d6c5\" data-element_type=\"container\" data-e-type=\"container\">\n\t\t\t\t\t<div class=\"e-con-inner\">\n\t\t\t\t<div class=\"elementor-element elementor-element-02a6db5 elementor-widget-divider--view-line elementor-widget elementor-widget-divider\" data-id=\"02a6db5\" data-element_type=\"widget\" data-e-type=\"widget\" data-widget_type=\"divider.default\">\n\t\t\t\t\t\t\t<div class=\"elementor-divider\">\n\t\t\t<span class=\"elementor-divider-separator\">\n\t\t\t\t\t\t<\/span>\n\t\t<\/div>\n\t\t\t\t\t\t<\/div>\n\t\t\t\t\t<\/div>\n\t\t\t\t<\/div>\n\t\t<div class=\"elementor-element elementor-element-1816da6 e-flex e-con-boxed e-con e-parent\" data-id=\"1816da6\" data-element_type=\"container\" data-e-type=\"container\">\n\t\t\t\t\t<div class=\"e-con-inner\">\n\t\t<div class=\"elementor-element elementor-element-543bf3a e-con-full e-flex e-con e-child\" data-id=\"543bf3a\" data-element_type=\"container\" data-e-type=\"container\">\n\t\t\t\t<div class=\"elementor-element elementor-element-df9afb2 elementor-widget elementor-widget-heading\" data-id=\"df9afb2\" data-element_type=\"widget\" data-e-type=\"widget\" data-widget_type=\"heading.default\">\n\t\t\t\t\t<h2 class=\"elementor-heading-title elementor-size-default\">04 <br>Alpujarra Granadina<\/h2>\t\t\t\t<\/div>\n\t\t\t\t<div class=\"elementor-element elementor-element-97a14c3 elementor-widget elementor-widget-text-editor\" data-id=\"97a14c3\" data-element_type=\"widget\" data-e-type=\"widget\" data-widget_type=\"text-editor.default\">\n\t\t\t\t\t\t\t\t\t<p>Bien que situ\u00e9e sur la c\u00f4te, Motril est \u00e9galement un point de d\u00e9part id\u00e9al pour explorer l&rsquo;Alpujarra Granadina, une magnifique r\u00e9gion montagneuse situ\u00e9e sur les pentes sud de la Sierra Nevada. L&rsquo;Alpujarra Granadina est connue pour ses villages blancs pittoresques, ses sentiers de montagne et ses vues panoramiques \u00e0 couper le souffle. \u00c0 quelques kilom\u00e8tres de Motril (environ 35 km), vous trouverez des villages comme Lanjar\u00f3n, Pampaneira ou Capileira, o\u00f9 vous pourrez d\u00e9guster une d\u00e9licieuse cuisine locale, visiter de petites boutiques d&rsquo;artisanat et vous promener dans ses rues uniques.<\/p>\t\t\t\t\t\t\t\t<\/div>\n\t\t\t\t<\/div>\n\t\t<div class=\"elementor-element elementor-element-293b46c e-con-full e-flex e-con e-child\" data-id=\"293b46c\" data-element_type=\"container\" data-e-type=\"container\">\n\t\t\t\t<div class=\"elementor-element elementor-element-fd69c68 elementor-widget elementor-widget-image\" data-id=\"fd69c68\" data-element_type=\"widget\" data-e-type=\"widget\" data-widget_type=\"image.default\">\n\t\t\t\t\t\t\t\t\t\t\t\t\t\t\t<img loading=\"lazy\" decoding=\"async\" width=\"756\" height=\"564\" src=\"https:\/\/villa-granada.com\/wp-content\/uploads\/2025\/07\/Image-by-Kevin-Bessat.jpg\" class=\"attachment-full size-full wp-image-8291\" alt=\"\" srcset=\"https:\/\/villa-granada.com\/wp-content\/uploads\/2025\/07\/Image-by-Kevin-Bessat.jpg 756w, https:\/\/villa-granada.com\/wp-content\/uploads\/2025\/07\/Image-by-Kevin-Bessat-300x224.jpg 300w, https:\/\/villa-granada.com\/wp-content\/uploads\/2025\/07\/Image-by-Kevin-Bessat-600x448.jpg 600w\" sizes=\"(max-width: 756px) 100vw, 756px\" \/>\t\t\t\t\t\t\t\t\t\t\t\t\t\t\t<\/div>\n\t\t\t\t<\/div>\n\t\t\t\t\t<\/div>\n\t\t\t\t<\/div>\n\t\t<div class=\"elementor-element elementor-element-505da21 e-flex e-con-boxed e-con e-parent\" data-id=\"505da21\" data-element_type=\"container\" data-e-type=\"container\">\n\t\t\t\t\t<div class=\"e-con-inner\">\n\t\t\t\t<div class=\"elementor-element elementor-element-ff7a44f elementor-widget-divider--view-line elementor-widget elementor-widget-divider\" data-id=\"ff7a44f\" data-element_type=\"widget\" data-e-type=\"widget\" data-widget_type=\"divider.default\">\n\t\t\t\t\t\t\t<div class=\"elementor-divider\">\n\t\t\t<span class=\"elementor-divider-separator\">\n\t\t\t\t\t\t<\/span>\n\t\t<\/div>\n\t\t\t\t\t\t<\/div>\n\t\t\t\t\t<\/div>\n\t\t\t\t<\/div>\n\t\t<div class=\"elementor-element elementor-element-1c21634 e-flex e-con-boxed e-con e-parent\" data-id=\"1c21634\" data-element_type=\"container\" data-e-type=\"container\">\n\t\t\t\t\t<div class=\"e-con-inner\">\n\t\t<div class=\"elementor-element elementor-element-b5b196f e-con-full e-flex e-con e-child\" data-id=\"b5b196f\" data-element_type=\"container\" data-e-type=\"container\">\n\t\t\t\t<div class=\"elementor-element elementor-element-041f135 elementor-widget elementor-widget-image\" data-id=\"041f135\" data-element_type=\"widget\" data-e-type=\"widget\" data-widget_type=\"image.default\">\n\t\t\t\t\t\t\t\t\t\t\t\t\t\t\t<img loading=\"lazy\" decoding=\"async\" width=\"756\" height=\"566\" src=\"https:\/\/villa-granada.com\/wp-content\/uploads\/2025\/07\/98.jpg\" class=\"attachment-full size-full wp-image-8294\" alt=\"\" srcset=\"https:\/\/villa-granada.com\/wp-content\/uploads\/2025\/07\/98.jpg 756w, https:\/\/villa-granada.com\/wp-content\/uploads\/2025\/07\/98-300x225.jpg 300w, https:\/\/villa-granada.com\/wp-content\/uploads\/2025\/07\/98-600x449.jpg 600w\" sizes=\"(max-width: 756px) 100vw, 756px\" \/>\t\t\t\t\t\t\t\t\t\t\t\t\t\t\t<\/div>\n\t\t\t\t<\/div>\n\t\t<div class=\"elementor-element elementor-element-6fde83b e-con-full e-flex e-con e-child\" data-id=\"6fde83b\" data-element_type=\"container\" data-e-type=\"container\">\n\t\t\t\t<div class=\"elementor-element elementor-element-255c5e9 elementor-widget elementor-widget-heading\" data-id=\"255c5e9\" data-element_type=\"widget\" data-e-type=\"widget\" data-widget_type=\"heading.default\">\n\t\t\t\t\t<h2 class=\"elementor-heading-title elementor-size-default\">05 <br>Sierra Nevada<\/h2>\t\t\t\t<\/div>\n\t\t\t\t<div class=\"elementor-element elementor-element-0d52cc8 elementor-widget elementor-widget-text-editor\" data-id=\"0d52cc8\" data-element_type=\"widget\" data-e-type=\"widget\" data-widget_type=\"text-editor.default\">\n\t\t\t\t\t\t\t\t\t<p>En hiver, la Sierra Nevada devient une station de ski et de snowboard tr\u00e8s populaire, avec plus de 100 kilom\u00e8tres de pistes de ski. Les visiteurs peuvent \u00e9galement pratiquer d&rsquo;autres activit\u00e9s telles que la luge, le patinage sur glace et les raquettes. La Sierra Nevada se trouve \u00e0 seulement 1 heure de <span class=\"wixui-rich-text__text\">Villa Granada<\/span> et de <span class=\"wixui-rich-text__text\">Motril.<\/span> Cette <span class=\"wixui-rich-text__text\">maison de vacances<\/span> est donc id\u00e9ale pour combiner un s\u00e9jour chaleureux tout au long de l&rsquo;ann\u00e9e avec les merveilles de la Sierra Nevada.<\/p>\t\t\t\t\t\t\t\t<\/div>\n\t\t\t\t<\/div>\n\t\t\t\t\t<\/div>\n\t\t\t\t<\/div>\n\t\t<div class=\"elementor-element elementor-element-3a75a5e e-flex e-con-boxed e-con e-parent\" data-id=\"3a75a5e\" data-element_type=\"container\" data-e-type=\"container\">\n\t\t\t\t\t<div class=\"e-con-inner\">\n\t\t\t\t<div class=\"elementor-element elementor-element-745e8ee elementor-widget-divider--view-line elementor-widget elementor-widget-divider\" data-id=\"745e8ee\" data-element_type=\"widget\" data-e-type=\"widget\" data-widget_type=\"divider.default\">\n\t\t\t\t\t\t\t<div class=\"elementor-divider\">\n\t\t\t<span class=\"elementor-divider-separator\">\n\t\t\t\t\t\t<\/span>\n\t\t<\/div>\n\t\t\t\t\t\t<\/div>\n\t\t\t\t\t<\/div>\n\t\t\t\t<\/div>\n\t\t<div class=\"elementor-element elementor-element-f10a2f4 e-flex e-con-boxed e-con e-parent\" data-id=\"f10a2f4\" data-element_type=\"container\" data-e-type=\"container\">\n\t\t\t\t\t<div class=\"e-con-inner\">\n\t\t<div class=\"elementor-element elementor-element-c5dd2d4 e-con-full e-flex e-con e-child\" data-id=\"c5dd2d4\" data-element_type=\"container\" data-e-type=\"container\">\n\t\t\t\t<div class=\"elementor-element elementor-element-62dbc8a elementor-widget elementor-widget-heading\" data-id=\"62dbc8a\" data-element_type=\"widget\" data-e-type=\"widget\" data-widget_type=\"heading.default\">\n\t\t\t\t\t<h2 class=\"elementor-heading-title elementor-size-default\">06 <br>Malaga<\/h2>\t\t\t\t<\/div>\n\t\t\t\t<div class=\"elementor-element elementor-element-516019e elementor-widget elementor-widget-text-editor\" data-id=\"516019e\" data-element_type=\"widget\" data-e-type=\"widget\" data-widget_type=\"text-editor.default\">\n\t\t\t\t\t\t\t\t\t<p>Malaga se trouve \u00e0 environ 100 kilom\u00e8tres de Motril, mais il est possible de visiter les premiers villages de la Costa del Sol \u00e0 moins de 40 km. Cette ville est connue pour son offre culturelle, son centre historique, ses plages et sa gastronomie. Malaga est facilement accessible depuis Motril, que ce soit en voiture ou en transports publics, ce qui permet de visiter la ville en une journ\u00e9e et de profiter de ses attractions touristiques.<\/p>\t\t\t\t\t\t\t\t<\/div>\n\t\t\t\t<\/div>\n\t\t<div class=\"elementor-element elementor-element-741ed68 e-con-full e-flex e-con e-child\" data-id=\"741ed68\" data-element_type=\"container\" data-e-type=\"container\">\n\t\t\t\t<div class=\"elementor-element elementor-element-5daac6f elementor-widget elementor-widget-image\" data-id=\"5daac6f\" data-element_type=\"widget\" data-e-type=\"widget\" data-widget_type=\"image.default\">\n\t\t\t\t\t\t\t\t\t\t\t\t\t\t\t<img loading=\"lazy\" decoding=\"async\" width=\"756\" height=\"564\" src=\"https:\/\/villa-granada.com\/wp-content\/uploads\/2025\/07\/Centro-de-la-ciudad.jpg\" class=\"attachment-full size-full wp-image-8297\" alt=\"\" srcset=\"https:\/\/villa-granada.com\/wp-content\/uploads\/2025\/07\/Centro-de-la-ciudad.jpg 756w, https:\/\/villa-granada.com\/wp-content\/uploads\/2025\/07\/Centro-de-la-ciudad-300x224.jpg 300w, https:\/\/villa-granada.com\/wp-content\/uploads\/2025\/07\/Centro-de-la-ciudad-600x448.jpg 600w\" sizes=\"(max-width: 756px) 100vw, 756px\" \/>\t\t\t\t\t\t\t\t\t\t\t\t\t\t\t<\/div>\n\t\t\t\t<\/div>\n\t\t\t\t\t<\/div>\n\t\t\t\t<\/div>\n\t\t\t\t<\/div>\n\t\t","protected":false},"excerpt":{"rendered":"<p>Les environs de la Villa Granada Motril Motril, o\u00f9 se trouve l&rsquo;h\u00e9bergement de groupes Villa Granada, est une ville c\u00f4ti\u00e8re de la province de Grenade, en Andalousie, en Espagne. Au c\u0153ur de la Costa Tropical, Motril jouit d&rsquo;une situation privil\u00e9gi\u00e9e qui la rend tr\u00e8s attrayante pour les touristes. Motril poss\u00e8de des plages et des montagnes [&hellip;]<\/p>\n","protected":false},"author":1,"featured_media":0,"parent":0,"menu_order":0,"comment_status":"closed","ping_status":"closed","template":"","meta":{"_acf_changed":false,"footnotes":""},"class_list":["post-8455","page","type-page","status-publish","hentry"],"acf":[],"_links":{"self":[{"href":"https:\/\/villa-granada.com\/fr\/wp-json\/wp\/v2\/pages\/8455","targetHints":{"allow":["GET"]}}],"collection":[{"href":"https:\/\/villa-granada.com\/fr\/wp-json\/wp\/v2\/pages"}],"about":[{"href":"https:\/\/villa-granada.com\/fr\/wp-json\/wp\/v2\/types\/page"}],"author":[{"embeddable":true,"href":"https:\/\/villa-granada.com\/fr\/wp-json\/wp\/v2\/users\/1"}],"replies":[{"embeddable":true,"href":"https:\/\/villa-granada.com\/fr\/wp-json\/wp\/v2\/comments?post=8455"}],"version-history":[{"count":2,"href":"https:\/\/villa-granada.com\/fr\/wp-json\/wp\/v2\/pages\/8455\/revisions"}],"predecessor-version":[{"id":8612,"href":"https:\/\/villa-granada.com\/fr\/wp-json\/wp\/v2\/pages\/8455\/revisions\/8612"}],"wp:attachment":[{"href":"https:\/\/villa-granada.com\/fr\/wp-json\/wp\/v2\/media?parent=8455"}],"curies":[{"name":"wp","href":"https:\/\/api.w.org\/{rel}","templated":true}]}}