{"id":8453,"date":"2025-07-21T13:17:57","date_gmt":"2025-07-21T13:17:57","guid":{"rendered":"https:\/\/villa-granada.a3comunicacion.com\/the-environment\/"},"modified":"2025-07-23T04:47:02","modified_gmt":"2025-07-23T04:47:02","slug":"the-environment","status":"publish","type":"page","link":"https:\/\/villa-granada.com\/en\/the-environment\/","title":{"rendered":"The environment"},"content":{"rendered":"\t\t<div data-elementor-type=\"wp-page\" data-elementor-id=\"8453\" class=\"elementor elementor-8453 elementor-7181\" data-elementor-post-type=\"page\">\n\t\t\t\t<div class=\"elementor-element elementor-element-f5749f1 e-flex e-con-boxed e-con e-parent\" data-id=\"f5749f1\" data-element_type=\"container\" data-e-type=\"container\" data-settings=\"{&quot;background_background&quot;:&quot;classic&quot;}\">\n\t\t\t\t\t<div class=\"e-con-inner\">\n\t\t\t\t<div class=\"elementor-element elementor-element-2459eaf elementor-widget elementor-widget-spacer\" data-id=\"2459eaf\" data-element_type=\"widget\" data-e-type=\"widget\" data-widget_type=\"spacer.default\">\n\t\t\t\t\t\t\t<div class=\"elementor-spacer\">\n\t\t\t<div class=\"elementor-spacer-inner\"><\/div>\n\t\t<\/div>\n\t\t\t\t\t\t<\/div>\n\t\t\t\t\t<\/div>\n\t\t\t\t<\/div>\n\t\t<div class=\"elementor-element elementor-element-86f958a e-flex e-con-boxed e-con e-parent\" data-id=\"86f958a\" data-element_type=\"container\" data-e-type=\"container\">\n\t\t\t\t\t<div class=\"e-con-inner\">\n\t\t<div class=\"elementor-element elementor-element-7dee682 e-con-full e-flex e-con e-child\" data-id=\"7dee682\" data-element_type=\"container\" data-e-type=\"container\" data-settings=\"{&quot;background_background&quot;:&quot;classic&quot;}\">\n\t\t\t\t<div class=\"elementor-element elementor-element-67ff672 elementor-widget elementor-widget-heading\" data-id=\"67ff672\" data-element_type=\"widget\" data-e-type=\"widget\" data-widget_type=\"heading.default\">\n\t\t\t\t\t<h1 class=\"elementor-heading-title elementor-size-default\">The surroundings of Villa Granada Motril<\/h1>\t\t\t\t<\/div>\n\t\t\t\t<div class=\"elementor-element elementor-element-4f1c263 elementor-widget elementor-widget-text-editor\" data-id=\"4f1c263\" data-element_type=\"widget\" data-e-type=\"widget\" data-widget_type=\"text-editor.default\">\n\t\t\t\t\t\t\t\t\t<div id=\"comp-lbjn0a352\" class=\"Z_l5lU ku3DBC zQ9jDz qvSjx3 Vq6kJx comp-lbjn0a352 wixui-rich-text\" data-testid=\"richTextElement\"><p class=\"font_8 wixui-rich-text__text\"><span class=\"wixui-rich-text__text\">Motril, where Villa Granada group accommodation is located, is a coastal city in the province of Granada, Andalusia, Spain. In the heart of the Costa Tropical, Motril has a privileged location that makes it very attractive for tourists. Motril has beach and mountains and is located a few kilometers from the cities of Malaga, Granada and Almeria and their wonderful monuments, such as the Alhambra, the Alpujarra of Granada, the Alcazaba of Malaga or the pristine beaches of Cabo de Gata.<\/span><\/p><\/div>\t\t\t\t\t\t\t\t<\/div>\n\t\t\t\t<\/div>\n\t\t\t\t\t<\/div>\n\t\t\t\t<\/div>\n\t\t<div class=\"elementor-element elementor-element-e81e0cc e-flex e-con-boxed e-con e-parent\" data-id=\"e81e0cc\" data-element_type=\"container\" data-e-type=\"container\">\n\t\t\t\t\t<div class=\"e-con-inner\">\n\t\t<div class=\"elementor-element elementor-element-c45f279 e-con-full e-flex e-con e-child\" data-id=\"c45f279\" data-element_type=\"container\" data-e-type=\"container\">\n\t\t\t\t<div class=\"elementor-element elementor-element-6923b3d elementor-widget elementor-widget-image\" data-id=\"6923b3d\" data-element_type=\"widget\" data-e-type=\"widget\" data-widget_type=\"image.default\">\n\t\t\t\t\t\t\t\t\t\t\t\t\t\t\t<img fetchpriority=\"high\" decoding=\"async\" width=\"756\" height=\"566\" src=\"https:\/\/villa-granada.com\/wp-content\/uploads\/2025\/07\/Puesta-de-sol-y-palmeras.jpg\" class=\"attachment-full size-full wp-image-8281\" alt=\"\" srcset=\"https:\/\/villa-granada.com\/wp-content\/uploads\/2025\/07\/Puesta-de-sol-y-palmeras.jpg 756w, https:\/\/villa-granada.com\/wp-content\/uploads\/2025\/07\/Puesta-de-sol-y-palmeras-300x225.jpg 300w, https:\/\/villa-granada.com\/wp-content\/uploads\/2025\/07\/Puesta-de-sol-y-palmeras-600x449.jpg 600w\" sizes=\"(max-width: 756px) 100vw, 756px\" \/>\t\t\t\t\t\t\t\t\t\t\t\t\t\t\t<\/div>\n\t\t\t\t<\/div>\n\t\t<div class=\"elementor-element elementor-element-cab293c e-con-full e-flex e-con e-child\" data-id=\"cab293c\" data-element_type=\"container\" data-e-type=\"container\">\n\t\t\t\t<div class=\"elementor-element elementor-element-58366d6 elementor-widget elementor-widget-heading\" data-id=\"58366d6\" data-element_type=\"widget\" data-e-type=\"widget\" data-widget_type=\"heading.default\">\n\t\t\t\t\t<h2 class=\"elementor-heading-title elementor-size-default\">01 <br>Motril and Costa Tropical\n<\/h2>\t\t\t\t<\/div>\n\t\t\t\t<div class=\"elementor-element elementor-element-14bc3ff elementor-widget elementor-widget-text-editor\" data-id=\"14bc3ff\" data-element_type=\"widget\" data-e-type=\"widget\" data-widget_type=\"text-editor.default\">\n\t\t\t\t\t\t\t\t\t<p><span class=\"wixui-rich-text__text\">Motril is a beautiful beach town on the southern coast of Spain, in the province of Granada. Known as the capital of the Costa Tropical, this region extends over 50 kilometers of coastline and enjoys a unique subtropical climate that allows us to have more than 320 days of sunshine a year. A<\/span><span class=\"wixui-rich-text__text\">  A few kilometers from Motril, there are small charming fishing villages, such as Salobre\u00f1a or Almu\u00f1\u00e9car, which preserve their traditional flavor and rich history.<\/span><\/p>\t\t\t\t\t\t\t\t<\/div>\n\t\t\t\t<\/div>\n\t\t\t\t\t<\/div>\n\t\t\t\t<\/div>\n\t\t<div class=\"elementor-element elementor-element-771fc74 e-flex e-con-boxed e-con e-parent\" data-id=\"771fc74\" data-element_type=\"container\" data-e-type=\"container\">\n\t\t\t\t\t<div class=\"e-con-inner\">\n\t\t\t\t<div class=\"elementor-element elementor-element-2e01cc9 elementor-widget-divider--view-line elementor-widget elementor-widget-divider\" data-id=\"2e01cc9\" data-element_type=\"widget\" data-e-type=\"widget\" data-widget_type=\"divider.default\">\n\t\t\t\t\t\t\t<div class=\"elementor-divider\">\n\t\t\t<span class=\"elementor-divider-separator\">\n\t\t\t\t\t\t<\/span>\n\t\t<\/div>\n\t\t\t\t\t\t<\/div>\n\t\t\t\t\t<\/div>\n\t\t\t\t<\/div>\n\t\t<div class=\"elementor-element elementor-element-716787a e-flex e-con-boxed e-con e-parent\" data-id=\"716787a\" data-element_type=\"container\" data-e-type=\"container\">\n\t\t\t\t\t<div class=\"e-con-inner\">\n\t\t<div class=\"elementor-element elementor-element-3e14d9e e-con-full e-flex e-con e-child\" data-id=\"3e14d9e\" data-element_type=\"container\" data-e-type=\"container\">\n\t\t\t\t<div class=\"elementor-element elementor-element-70a8316 elementor-widget elementor-widget-heading\" data-id=\"70a8316\" data-element_type=\"widget\" data-e-type=\"widget\" data-widget_type=\"heading.default\">\n\t\t\t\t\t<h2 class=\"elementor-heading-title elementor-size-default\">02 <br>Los Moriscos Golf Club and Granada Beach\n<\/h2>\t\t\t\t<\/div>\n\t\t\t\t<div class=\"elementor-element elementor-element-05f0f69 elementor-widget elementor-widget-text-editor\" data-id=\"05f0f69\" data-element_type=\"widget\" data-e-type=\"widget\" data-widget_type=\"text-editor.default\">\n\t\t\t\t\t\t\t\t\t<p>Motril is known by golfers for its imposing golf course &#8220;Los Moriscos&#8221;, in a strategic enclave overlooking the Sierra Nevada and the Mediterranean Sea, less than 100 meters from the seashore.<\/p>\t\t\t\t\t\t\t\t<\/div>\n\t\t\t\t<\/div>\n\t\t<div class=\"elementor-element elementor-element-30eeb9e e-con-full e-flex e-con e-child\" data-id=\"30eeb9e\" data-element_type=\"container\" data-e-type=\"container\">\n\t\t\t\t<div class=\"elementor-element elementor-element-fd8e1d7 elementor-widget elementor-widget-image\" data-id=\"fd8e1d7\" data-element_type=\"widget\" data-e-type=\"widget\" data-widget_type=\"image.default\">\n\t\t\t\t\t\t\t\t\t\t\t\t\t\t\t<img decoding=\"async\" width=\"756\" height=\"566\" src=\"https:\/\/villa-granada.com\/wp-content\/uploads\/2025\/07\/Image-by-Courtney-Cook.jpg\" class=\"attachment-full size-full wp-image-8284\" alt=\"\" srcset=\"https:\/\/villa-granada.com\/wp-content\/uploads\/2025\/07\/Image-by-Courtney-Cook.jpg 756w, https:\/\/villa-granada.com\/wp-content\/uploads\/2025\/07\/Image-by-Courtney-Cook-300x225.jpg 300w, https:\/\/villa-granada.com\/wp-content\/uploads\/2025\/07\/Image-by-Courtney-Cook-600x449.jpg 600w\" sizes=\"(max-width: 756px) 100vw, 756px\" \/>\t\t\t\t\t\t\t\t\t\t\t\t\t\t\t<\/div>\n\t\t\t\t<\/div>\n\t\t\t\t\t<\/div>\n\t\t\t\t<\/div>\n\t\t<div class=\"elementor-element elementor-element-ec26c56 e-flex e-con-boxed e-con e-parent\" data-id=\"ec26c56\" data-element_type=\"container\" data-e-type=\"container\">\n\t\t\t\t\t<div class=\"e-con-inner\">\n\t\t\t\t<div class=\"elementor-element elementor-element-a9e59ba elementor-widget-divider--view-line elementor-widget elementor-widget-divider\" data-id=\"a9e59ba\" data-element_type=\"widget\" data-e-type=\"widget\" data-widget_type=\"divider.default\">\n\t\t\t\t\t\t\t<div class=\"elementor-divider\">\n\t\t\t<span class=\"elementor-divider-separator\">\n\t\t\t\t\t\t<\/span>\n\t\t<\/div>\n\t\t\t\t\t\t<\/div>\n\t\t\t\t\t<\/div>\n\t\t\t\t<\/div>\n\t\t<div class=\"elementor-element elementor-element-e60b4a3 e-flex e-con-boxed e-con e-parent\" data-id=\"e60b4a3\" data-element_type=\"container\" data-e-type=\"container\">\n\t\t\t\t\t<div class=\"e-con-inner\">\n\t\t<div class=\"elementor-element elementor-element-47f9678 e-con-full e-flex e-con e-child\" data-id=\"47f9678\" data-element_type=\"container\" data-e-type=\"container\">\n\t\t\t\t<div class=\"elementor-element elementor-element-13bec36 elementor-widget elementor-widget-image\" data-id=\"13bec36\" data-element_type=\"widget\" data-e-type=\"widget\" data-widget_type=\"image.default\">\n\t\t\t\t\t\t\t\t\t\t\t\t\t\t\t<img decoding=\"async\" width=\"756\" height=\"566\" src=\"https:\/\/villa-granada.com\/wp-content\/uploads\/2025\/07\/Image-by-Vidar-Nordli-Mathisen.jpg\" class=\"attachment-full size-full wp-image-8287\" alt=\"\" srcset=\"https:\/\/villa-granada.com\/wp-content\/uploads\/2025\/07\/Image-by-Vidar-Nordli-Mathisen.jpg 756w, https:\/\/villa-granada.com\/wp-content\/uploads\/2025\/07\/Image-by-Vidar-Nordli-Mathisen-300x225.jpg 300w, https:\/\/villa-granada.com\/wp-content\/uploads\/2025\/07\/Image-by-Vidar-Nordli-Mathisen-600x449.jpg 600w\" sizes=\"(max-width: 756px) 100vw, 756px\" \/>\t\t\t\t\t\t\t\t\t\t\t\t\t\t\t<\/div>\n\t\t\t\t<\/div>\n\t\t<div class=\"elementor-element elementor-element-baeb17d e-con-full e-flex e-con e-child\" data-id=\"baeb17d\" data-element_type=\"container\" data-e-type=\"container\">\n\t\t\t\t<div class=\"elementor-element elementor-element-edcb8a8 elementor-widget elementor-widget-heading\" data-id=\"edcb8a8\" data-element_type=\"widget\" data-e-type=\"widget\" data-widget_type=\"heading.default\">\n\t\t\t\t\t<h2 class=\"elementor-heading-title elementor-size-default\">03 <br>Discover Granada and the Alhambra  \n<\/h2>\t\t\t\t<\/div>\n\t\t\t\t<div class=\"elementor-element elementor-element-b86b6bd elementor-widget elementor-widget-text-editor\" data-id=\"b86b6bd\" data-element_type=\"widget\" data-e-type=\"widget\" data-widget_type=\"text-editor.default\">\n\t\t\t\t\t\t\t\t\t<p>Granada, which is about 60 kilometers to the north. Granada is known for its rich history, its impressive cultural heritage and its famous Alhambra, one of the most visited monuments in Spain. It is possible to visit Granada in one day from Motril, either by car or by public transport, making Villa Granada the perfect holiday accommodation to discover the magical city of Granada.<\/p>\t\t\t\t\t\t\t\t<\/div>\n\t\t\t\t<\/div>\n\t\t\t\t\t<\/div>\n\t\t\t\t<\/div>\n\t\t<div class=\"elementor-element elementor-element-4d3d6c5 e-flex e-con-boxed e-con e-parent\" data-id=\"4d3d6c5\" data-element_type=\"container\" data-e-type=\"container\">\n\t\t\t\t\t<div class=\"e-con-inner\">\n\t\t\t\t<div class=\"elementor-element elementor-element-02a6db5 elementor-widget-divider--view-line elementor-widget elementor-widget-divider\" data-id=\"02a6db5\" data-element_type=\"widget\" data-e-type=\"widget\" data-widget_type=\"divider.default\">\n\t\t\t\t\t\t\t<div class=\"elementor-divider\">\n\t\t\t<span class=\"elementor-divider-separator\">\n\t\t\t\t\t\t<\/span>\n\t\t<\/div>\n\t\t\t\t\t\t<\/div>\n\t\t\t\t\t<\/div>\n\t\t\t\t<\/div>\n\t\t<div class=\"elementor-element elementor-element-1816da6 e-flex e-con-boxed e-con e-parent\" data-id=\"1816da6\" data-element_type=\"container\" data-e-type=\"container\">\n\t\t\t\t\t<div class=\"e-con-inner\">\n\t\t<div class=\"elementor-element elementor-element-543bf3a e-con-full e-flex e-con e-child\" data-id=\"543bf3a\" data-element_type=\"container\" data-e-type=\"container\">\n\t\t\t\t<div class=\"elementor-element elementor-element-df9afb2 elementor-widget elementor-widget-heading\" data-id=\"df9afb2\" data-element_type=\"widget\" data-e-type=\"widget\" data-widget_type=\"heading.default\">\n\t\t\t\t\t<h2 class=\"elementor-heading-title elementor-size-default\">04 <br>Alpujarra Granadina<\/h2>\t\t\t\t<\/div>\n\t\t\t\t<div class=\"elementor-element elementor-element-97a14c3 elementor-widget elementor-widget-text-editor\" data-id=\"97a14c3\" data-element_type=\"widget\" data-e-type=\"widget\" data-widget_type=\"text-editor.default\">\n\t\t\t\t\t\t\t\t\t<p>Despite being on the coast, Motril is also an ideal starting point for exploring the Alpujarra Granadina, a beautiful mountainous region located on the southern slopes of the Sierra Nevada. The Alpujarra Granadina is known for its picturesque white villages, mountain trails and breathtaking panoramic views. A few kilometers from Motril (about 35 km), you can find villages such as Lanjar\u00f3n, Pampaneira or Capileira, where you can enjoy delicious local cuisine, visit small craft stores and stroll through its unique streets.<\/p>\t\t\t\t\t\t\t\t<\/div>\n\t\t\t\t<\/div>\n\t\t<div class=\"elementor-element elementor-element-293b46c e-con-full e-flex e-con e-child\" data-id=\"293b46c\" data-element_type=\"container\" data-e-type=\"container\">\n\t\t\t\t<div class=\"elementor-element elementor-element-fd69c68 elementor-widget elementor-widget-image\" data-id=\"fd69c68\" data-element_type=\"widget\" data-e-type=\"widget\" data-widget_type=\"image.default\">\n\t\t\t\t\t\t\t\t\t\t\t\t\t\t\t<img loading=\"lazy\" decoding=\"async\" width=\"756\" height=\"564\" src=\"https:\/\/villa-granada.com\/wp-content\/uploads\/2025\/07\/Image-by-Kevin-Bessat.jpg\" class=\"attachment-full size-full wp-image-8290\" alt=\"\" srcset=\"https:\/\/villa-granada.com\/wp-content\/uploads\/2025\/07\/Image-by-Kevin-Bessat.jpg 756w, https:\/\/villa-granada.com\/wp-content\/uploads\/2025\/07\/Image-by-Kevin-Bessat-300x224.jpg 300w, https:\/\/villa-granada.com\/wp-content\/uploads\/2025\/07\/Image-by-Kevin-Bessat-600x448.jpg 600w\" sizes=\"(max-width: 756px) 100vw, 756px\" \/>\t\t\t\t\t\t\t\t\t\t\t\t\t\t\t<\/div>\n\t\t\t\t<\/div>\n\t\t\t\t\t<\/div>\n\t\t\t\t<\/div>\n\t\t<div class=\"elementor-element elementor-element-505da21 e-flex e-con-boxed e-con e-parent\" data-id=\"505da21\" data-element_type=\"container\" data-e-type=\"container\">\n\t\t\t\t\t<div class=\"e-con-inner\">\n\t\t\t\t<div class=\"elementor-element elementor-element-ff7a44f elementor-widget-divider--view-line elementor-widget elementor-widget-divider\" data-id=\"ff7a44f\" data-element_type=\"widget\" data-e-type=\"widget\" data-widget_type=\"divider.default\">\n\t\t\t\t\t\t\t<div class=\"elementor-divider\">\n\t\t\t<span class=\"elementor-divider-separator\">\n\t\t\t\t\t\t<\/span>\n\t\t<\/div>\n\t\t\t\t\t\t<\/div>\n\t\t\t\t\t<\/div>\n\t\t\t\t<\/div>\n\t\t<div class=\"elementor-element elementor-element-1c21634 e-flex e-con-boxed e-con e-parent\" data-id=\"1c21634\" data-element_type=\"container\" data-e-type=\"container\">\n\t\t\t\t\t<div class=\"e-con-inner\">\n\t\t<div class=\"elementor-element elementor-element-b5b196f e-con-full e-flex e-con e-child\" data-id=\"b5b196f\" data-element_type=\"container\" data-e-type=\"container\">\n\t\t\t\t<div class=\"elementor-element elementor-element-041f135 elementor-widget elementor-widget-image\" data-id=\"041f135\" data-element_type=\"widget\" data-e-type=\"widget\" data-widget_type=\"image.default\">\n\t\t\t\t\t\t\t\t\t\t\t\t\t\t\t<img loading=\"lazy\" decoding=\"async\" width=\"756\" height=\"566\" src=\"https:\/\/villa-granada.com\/wp-content\/uploads\/2025\/07\/98.jpg\" class=\"attachment-full size-full wp-image-8293\" alt=\"\" srcset=\"https:\/\/villa-granada.com\/wp-content\/uploads\/2025\/07\/98.jpg 756w, https:\/\/villa-granada.com\/wp-content\/uploads\/2025\/07\/98-300x225.jpg 300w, https:\/\/villa-granada.com\/wp-content\/uploads\/2025\/07\/98-600x449.jpg 600w\" sizes=\"(max-width: 756px) 100vw, 756px\" \/>\t\t\t\t\t\t\t\t\t\t\t\t\t\t\t<\/div>\n\t\t\t\t<\/div>\n\t\t<div class=\"elementor-element elementor-element-6fde83b e-con-full e-flex e-con e-child\" data-id=\"6fde83b\" data-element_type=\"container\" data-e-type=\"container\">\n\t\t\t\t<div class=\"elementor-element elementor-element-255c5e9 elementor-widget elementor-widget-heading\" data-id=\"255c5e9\" data-element_type=\"widget\" data-e-type=\"widget\" data-widget_type=\"heading.default\">\n\t\t\t\t\t<h2 class=\"elementor-heading-title elementor-size-default\">05 <br>Sierra Nevada<\/h2>\t\t\t\t<\/div>\n\t\t\t\t<div class=\"elementor-element elementor-element-0d52cc8 elementor-widget elementor-widget-text-editor\" data-id=\"0d52cc8\" data-element_type=\"widget\" data-e-type=\"widget\" data-widget_type=\"text-editor.default\">\n\t\t\t\t\t\t\t\t\t<p>In winter, the Sierra Nevada becomes a very popular ski and snowboard resort, with more than 100 kilometers of ski slopes. Visitors can also enjoy other activities such as sledding, ice skating and snowshoeing. Sierra Nevada is located 1 hour from <span class=\"wixui-rich-text__text\">Villa Granada<\/span> and <span class=\"wixui-rich-text__text\">Motril,<\/span> so the <span class=\"wixui-rich-text__text\">holiday home<\/span> is perfect to combine a warm stay all year round with the wonders of the Sierra Nevada.<\/p>\t\t\t\t\t\t\t\t<\/div>\n\t\t\t\t<\/div>\n\t\t\t\t\t<\/div>\n\t\t\t\t<\/div>\n\t\t<div class=\"elementor-element elementor-element-3a75a5e e-flex e-con-boxed e-con e-parent\" data-id=\"3a75a5e\" data-element_type=\"container\" data-e-type=\"container\">\n\t\t\t\t\t<div class=\"e-con-inner\">\n\t\t\t\t<div class=\"elementor-element elementor-element-745e8ee elementor-widget-divider--view-line elementor-widget elementor-widget-divider\" data-id=\"745e8ee\" data-element_type=\"widget\" data-e-type=\"widget\" data-widget_type=\"divider.default\">\n\t\t\t\t\t\t\t<div class=\"elementor-divider\">\n\t\t\t<span class=\"elementor-divider-separator\">\n\t\t\t\t\t\t<\/span>\n\t\t<\/div>\n\t\t\t\t\t\t<\/div>\n\t\t\t\t\t<\/div>\n\t\t\t\t<\/div>\n\t\t<div class=\"elementor-element elementor-element-f10a2f4 e-flex e-con-boxed e-con e-parent\" data-id=\"f10a2f4\" data-element_type=\"container\" data-e-type=\"container\">\n\t\t\t\t\t<div class=\"e-con-inner\">\n\t\t<div class=\"elementor-element elementor-element-c5dd2d4 e-con-full e-flex e-con e-child\" data-id=\"c5dd2d4\" data-element_type=\"container\" data-e-type=\"container\">\n\t\t\t\t<div class=\"elementor-element elementor-element-62dbc8a elementor-widget elementor-widget-heading\" data-id=\"62dbc8a\" data-element_type=\"widget\" data-e-type=\"widget\" data-widget_type=\"heading.default\">\n\t\t\t\t\t<h2 class=\"elementor-heading-title elementor-size-default\">06 <br>M\u00e1laga<\/h2>\t\t\t\t<\/div>\n\t\t\t\t<div class=\"elementor-element elementor-element-516019e elementor-widget elementor-widget-text-editor\" data-id=\"516019e\" data-element_type=\"widget\" data-e-type=\"widget\" data-widget_type=\"text-editor.default\">\n\t\t\t\t\t\t\t\t\t<p>Malaga is about 100 kilometers from Motril, but it is possible to visit the first villages of the Costa del Sol at less than 40 km. This city is known for its cultural offerings, its historic center, its beaches and its gastronomy. Malaga is easy to reach from Motril, either by car or by public transport, which makes it possible to visit the city in one day and enjoy its tourist attractions.<\/p>\t\t\t\t\t\t\t\t<\/div>\n\t\t\t\t<\/div>\n\t\t<div class=\"elementor-element elementor-element-741ed68 e-con-full e-flex e-con e-child\" data-id=\"741ed68\" data-element_type=\"container\" data-e-type=\"container\">\n\t\t\t\t<div class=\"elementor-element elementor-element-5daac6f elementor-widget elementor-widget-image\" data-id=\"5daac6f\" data-element_type=\"widget\" data-e-type=\"widget\" data-widget_type=\"image.default\">\n\t\t\t\t\t\t\t\t\t\t\t\t\t\t\t<img loading=\"lazy\" decoding=\"async\" width=\"756\" height=\"564\" src=\"https:\/\/villa-granada.com\/wp-content\/uploads\/2025\/07\/Centro-de-la-ciudad.jpg\" class=\"attachment-full size-full wp-image-8296\" alt=\"\" srcset=\"https:\/\/villa-granada.com\/wp-content\/uploads\/2025\/07\/Centro-de-la-ciudad.jpg 756w, https:\/\/villa-granada.com\/wp-content\/uploads\/2025\/07\/Centro-de-la-ciudad-300x224.jpg 300w, https:\/\/villa-granada.com\/wp-content\/uploads\/2025\/07\/Centro-de-la-ciudad-600x448.jpg 600w\" sizes=\"(max-width: 756px) 100vw, 756px\" \/>\t\t\t\t\t\t\t\t\t\t\t\t\t\t\t<\/div>\n\t\t\t\t<\/div>\n\t\t\t\t\t<\/div>\n\t\t\t\t<\/div>\n\t\t\t\t<\/div>\n\t\t","protected":false},"excerpt":{"rendered":"<p>The surroundings of Villa Granada Motril Motril, where Villa Granada group accommodation is located, is a coastal city in the province of Granada, Andalusia, Spain. In the heart of the Costa Tropical, Motril has a privileged location that makes it very attractive for tourists. Motril has beach and mountains and is located a few kilometers [&hellip;]<\/p>\n","protected":false},"author":1,"featured_media":0,"parent":0,"menu_order":0,"comment_status":"closed","ping_status":"closed","template":"","meta":{"_acf_changed":false,"footnotes":""},"class_list":["post-8453","page","type-page","status-publish","hentry"],"acf":[],"_links":{"self":[{"href":"https:\/\/villa-granada.com\/en\/wp-json\/wp\/v2\/pages\/8453","targetHints":{"allow":["GET"]}}],"collection":[{"href":"https:\/\/villa-granada.com\/en\/wp-json\/wp\/v2\/pages"}],"about":[{"href":"https:\/\/villa-granada.com\/en\/wp-json\/wp\/v2\/types\/page"}],"author":[{"embeddable":true,"href":"https:\/\/villa-granada.com\/en\/wp-json\/wp\/v2\/users\/1"}],"replies":[{"embeddable":true,"href":"https:\/\/villa-granada.com\/en\/wp-json\/wp\/v2\/comments?post=8453"}],"version-history":[{"count":2,"href":"https:\/\/villa-granada.com\/en\/wp-json\/wp\/v2\/pages\/8453\/revisions"}],"predecessor-version":[{"id":8611,"href":"https:\/\/villa-granada.com\/en\/wp-json\/wp\/v2\/pages\/8453\/revisions\/8611"}],"wp:attachment":[{"href":"https:\/\/villa-granada.com\/en\/wp-json\/wp\/v2\/media?parent=8453"}],"curies":[{"name":"wp","href":"https:\/\/api.w.org\/{rel}","templated":true}]}}