{"id":8457,"date":"2025-07-21T13:17:57","date_gmt":"2025-07-21T13:17:57","guid":{"rendered":"https:\/\/villa-granada.a3comunicacion.com\/die-umwelt\/"},"modified":"2025-07-23T04:47:03","modified_gmt":"2025-07-23T04:47:03","slug":"die-umwelt","status":"publish","type":"page","link":"https:\/\/villa-granada.com\/de\/die-umwelt\/","title":{"rendered":"Die Umwelt"},"content":{"rendered":"\t\t<div data-elementor-type=\"wp-page\" data-elementor-id=\"8457\" class=\"elementor elementor-8457 elementor-7181\" data-elementor-post-type=\"page\">\n\t\t\t\t<div class=\"elementor-element elementor-element-f5749f1 e-flex e-con-boxed e-con e-parent\" data-id=\"f5749f1\" data-element_type=\"container\" data-e-type=\"container\" data-settings=\"{&quot;background_background&quot;:&quot;classic&quot;}\">\n\t\t\t\t\t<div class=\"e-con-inner\">\n\t\t\t\t<div class=\"elementor-element elementor-element-2459eaf elementor-widget elementor-widget-spacer\" data-id=\"2459eaf\" data-element_type=\"widget\" data-e-type=\"widget\" data-widget_type=\"spacer.default\">\n\t\t\t\t\t\t\t<div class=\"elementor-spacer\">\n\t\t\t<div class=\"elementor-spacer-inner\"><\/div>\n\t\t<\/div>\n\t\t\t\t\t\t<\/div>\n\t\t\t\t\t<\/div>\n\t\t\t\t<\/div>\n\t\t<div class=\"elementor-element elementor-element-86f958a e-flex e-con-boxed e-con e-parent\" data-id=\"86f958a\" data-element_type=\"container\" data-e-type=\"container\">\n\t\t\t\t\t<div class=\"e-con-inner\">\n\t\t<div class=\"elementor-element elementor-element-7dee682 e-con-full e-flex e-con e-child\" data-id=\"7dee682\" data-element_type=\"container\" data-e-type=\"container\" data-settings=\"{&quot;background_background&quot;:&quot;classic&quot;}\">\n\t\t\t\t<div class=\"elementor-element elementor-element-67ff672 elementor-widget elementor-widget-heading\" data-id=\"67ff672\" data-element_type=\"widget\" data-e-type=\"widget\" data-widget_type=\"heading.default\">\n\t\t\t\t\t<h1 class=\"elementor-heading-title elementor-size-default\">Die Umgebung der Villa Granada Motril<\/h1>\t\t\t\t<\/div>\n\t\t\t\t<div class=\"elementor-element elementor-element-4f1c263 elementor-widget elementor-widget-text-editor\" data-id=\"4f1c263\" data-element_type=\"widget\" data-e-type=\"widget\" data-widget_type=\"text-editor.default\">\n\t\t\t\t\t\t\t\t\t<div id=\"comp-lbjn0a352\" class=\"Z_l5lU ku3DBC zQ9jDz qvSjx3 Vq6kJx comp-lbjn0a352 wixui-rich-text\" data-testid=\"richTextElement\"><p class=\"font_8 wixui-rich-text__text\"><span class=\"wixui-rich-text__text\">Motril, wo sich die Gruppenunterkunft Villa Granada befindet, ist eine K\u00fcstenstadt in der Provinz Granada, Andalusien, Spanien. Im Herzen der Costa Tropical hat Motril eine privilegierte Lage, die es f\u00fcr Touristen sehr attraktiv macht. Motril hat Str\u00e4nde und Berge und liegt nur wenige Kilometer von den St\u00e4dten M\u00e1laga, Granada und Almeria und ihren herrlichen Sehensw\u00fcrdigkeiten wie der Alhambra, der Alpujarra von Granada, der Alcazaba von M\u00e1laga oder den unber\u00fchrten Str\u00e4nden von Cabo de Gata entfernt.<\/span><\/p><\/div>\t\t\t\t\t\t\t\t<\/div>\n\t\t\t\t<\/div>\n\t\t\t\t\t<\/div>\n\t\t\t\t<\/div>\n\t\t<div class=\"elementor-element elementor-element-e81e0cc e-flex e-con-boxed e-con e-parent\" data-id=\"e81e0cc\" data-element_type=\"container\" data-e-type=\"container\">\n\t\t\t\t\t<div class=\"e-con-inner\">\n\t\t<div class=\"elementor-element elementor-element-c45f279 e-con-full e-flex e-con e-child\" data-id=\"c45f279\" data-element_type=\"container\" data-e-type=\"container\">\n\t\t\t\t<div class=\"elementor-element elementor-element-6923b3d elementor-widget elementor-widget-image\" data-id=\"6923b3d\" data-element_type=\"widget\" data-e-type=\"widget\" data-widget_type=\"image.default\">\n\t\t\t\t\t\t\t\t\t\t\t\t\t\t\t<img fetchpriority=\"high\" decoding=\"async\" width=\"756\" height=\"566\" src=\"https:\/\/villa-granada.com\/wp-content\/uploads\/2025\/07\/Puesta-de-sol-y-palmeras.jpg\" class=\"attachment-full size-full wp-image-8283\" alt=\"\" srcset=\"https:\/\/villa-granada.com\/wp-content\/uploads\/2025\/07\/Puesta-de-sol-y-palmeras.jpg 756w, https:\/\/villa-granada.com\/wp-content\/uploads\/2025\/07\/Puesta-de-sol-y-palmeras-300x225.jpg 300w, https:\/\/villa-granada.com\/wp-content\/uploads\/2025\/07\/Puesta-de-sol-y-palmeras-600x449.jpg 600w\" sizes=\"(max-width: 756px) 100vw, 756px\" \/>\t\t\t\t\t\t\t\t\t\t\t\t\t\t\t<\/div>\n\t\t\t\t<\/div>\n\t\t<div class=\"elementor-element elementor-element-cab293c e-con-full e-flex e-con e-child\" data-id=\"cab293c\" data-element_type=\"container\" data-e-type=\"container\">\n\t\t\t\t<div class=\"elementor-element elementor-element-58366d6 elementor-widget elementor-widget-heading\" data-id=\"58366d6\" data-element_type=\"widget\" data-e-type=\"widget\" data-widget_type=\"heading.default\">\n\t\t\t\t\t<h2 class=\"elementor-heading-title elementor-size-default\">01 <br>Motril und Costa Tropical\n<\/h2>\t\t\t\t<\/div>\n\t\t\t\t<div class=\"elementor-element elementor-element-14bc3ff elementor-widget elementor-widget-text-editor\" data-id=\"14bc3ff\" data-element_type=\"widget\" data-e-type=\"widget\" data-widget_type=\"text-editor.default\">\n\t\t\t\t\t\t\t\t\t<p><span class=\"wixui-rich-text__text\">Motril ist eine sch\u00f6ne Strandstadt an der S\u00fcdk\u00fcste Spaniens in der Provinz Granada. Diese Region, die als Hauptstadt der Costa Tropical bekannt ist, erstreckt sich \u00fcber 50 Kilometer K\u00fcstenlinie und genie\u00dft ein einzigartiges subtropisches Klima, das uns mehr als 320 Sonnentage im Jahr beschert. A<\/span><span class=\"wixui-rich-text__text\">  Nur wenige Kilometer von Motril entfernt finden Sie kleine charmante Fischerd\u00f6rfer wie Salobre\u00f1a oder Almu\u00f1\u00e9car, die ihr traditionelles Flair und ihre reiche Geschichte bewahrt haben.<\/span><\/p>\t\t\t\t\t\t\t\t<\/div>\n\t\t\t\t<\/div>\n\t\t\t\t\t<\/div>\n\t\t\t\t<\/div>\n\t\t<div class=\"elementor-element elementor-element-771fc74 e-flex e-con-boxed e-con e-parent\" data-id=\"771fc74\" data-element_type=\"container\" data-e-type=\"container\">\n\t\t\t\t\t<div class=\"e-con-inner\">\n\t\t\t\t<div class=\"elementor-element elementor-element-2e01cc9 elementor-widget-divider--view-line elementor-widget elementor-widget-divider\" data-id=\"2e01cc9\" data-element_type=\"widget\" data-e-type=\"widget\" data-widget_type=\"divider.default\">\n\t\t\t\t\t\t\t<div class=\"elementor-divider\">\n\t\t\t<span class=\"elementor-divider-separator\">\n\t\t\t\t\t\t<\/span>\n\t\t<\/div>\n\t\t\t\t\t\t<\/div>\n\t\t\t\t\t<\/div>\n\t\t\t\t<\/div>\n\t\t<div class=\"elementor-element elementor-element-716787a e-flex e-con-boxed e-con e-parent\" data-id=\"716787a\" data-element_type=\"container\" data-e-type=\"container\">\n\t\t\t\t\t<div class=\"e-con-inner\">\n\t\t<div class=\"elementor-element elementor-element-3e14d9e e-con-full e-flex e-con e-child\" data-id=\"3e14d9e\" data-element_type=\"container\" data-e-type=\"container\">\n\t\t\t\t<div class=\"elementor-element elementor-element-70a8316 elementor-widget elementor-widget-heading\" data-id=\"70a8316\" data-element_type=\"widget\" data-e-type=\"widget\" data-widget_type=\"heading.default\">\n\t\t\t\t\t<h2 class=\"elementor-heading-title elementor-size-default\">02 <br>Los Moriscos Golf Club und Strand von Granada\n<\/h2>\t\t\t\t<\/div>\n\t\t\t\t<div class=\"elementor-element elementor-element-05f0f69 elementor-widget elementor-widget-text-editor\" data-id=\"05f0f69\" data-element_type=\"widget\" data-e-type=\"widget\" data-widget_type=\"text-editor.default\">\n\t\t\t\t\t\t\t\t\t<p>Motril ist bei Golfern f\u00fcr seinen imposanten Golfplatz &#8222;Los Moriscos&#8220; bekannt, der in einer strategischen Enklave mit Blick auf die Sierra Nevada und das Mittelmeer liegt, weniger als 100 Meter von der K\u00fcste entfernt.<\/p>\t\t\t\t\t\t\t\t<\/div>\n\t\t\t\t<\/div>\n\t\t<div class=\"elementor-element elementor-element-30eeb9e e-con-full e-flex e-con e-child\" data-id=\"30eeb9e\" data-element_type=\"container\" data-e-type=\"container\">\n\t\t\t\t<div class=\"elementor-element elementor-element-fd8e1d7 elementor-widget elementor-widget-image\" data-id=\"fd8e1d7\" data-element_type=\"widget\" data-e-type=\"widget\" data-widget_type=\"image.default\">\n\t\t\t\t\t\t\t\t\t\t\t\t\t\t\t<img decoding=\"async\" width=\"756\" height=\"566\" src=\"https:\/\/villa-granada.com\/wp-content\/uploads\/2025\/07\/Image-by-Courtney-Cook.jpg\" class=\"attachment-full size-full wp-image-8286\" alt=\"\" srcset=\"https:\/\/villa-granada.com\/wp-content\/uploads\/2025\/07\/Image-by-Courtney-Cook.jpg 756w, https:\/\/villa-granada.com\/wp-content\/uploads\/2025\/07\/Image-by-Courtney-Cook-300x225.jpg 300w, https:\/\/villa-granada.com\/wp-content\/uploads\/2025\/07\/Image-by-Courtney-Cook-600x449.jpg 600w\" sizes=\"(max-width: 756px) 100vw, 756px\" \/>\t\t\t\t\t\t\t\t\t\t\t\t\t\t\t<\/div>\n\t\t\t\t<\/div>\n\t\t\t\t\t<\/div>\n\t\t\t\t<\/div>\n\t\t<div class=\"elementor-element elementor-element-ec26c56 e-flex e-con-boxed e-con e-parent\" data-id=\"ec26c56\" data-element_type=\"container\" data-e-type=\"container\">\n\t\t\t\t\t<div class=\"e-con-inner\">\n\t\t\t\t<div class=\"elementor-element elementor-element-a9e59ba elementor-widget-divider--view-line elementor-widget elementor-widget-divider\" data-id=\"a9e59ba\" data-element_type=\"widget\" data-e-type=\"widget\" data-widget_type=\"divider.default\">\n\t\t\t\t\t\t\t<div class=\"elementor-divider\">\n\t\t\t<span class=\"elementor-divider-separator\">\n\t\t\t\t\t\t<\/span>\n\t\t<\/div>\n\t\t\t\t\t\t<\/div>\n\t\t\t\t\t<\/div>\n\t\t\t\t<\/div>\n\t\t<div class=\"elementor-element elementor-element-e60b4a3 e-flex e-con-boxed e-con e-parent\" data-id=\"e60b4a3\" data-element_type=\"container\" data-e-type=\"container\">\n\t\t\t\t\t<div class=\"e-con-inner\">\n\t\t<div class=\"elementor-element elementor-element-47f9678 e-con-full e-flex e-con e-child\" data-id=\"47f9678\" data-element_type=\"container\" data-e-type=\"container\">\n\t\t\t\t<div class=\"elementor-element elementor-element-13bec36 elementor-widget elementor-widget-image\" data-id=\"13bec36\" data-element_type=\"widget\" data-e-type=\"widget\" data-widget_type=\"image.default\">\n\t\t\t\t\t\t\t\t\t\t\t\t\t\t\t<img decoding=\"async\" width=\"756\" height=\"566\" src=\"https:\/\/villa-granada.com\/wp-content\/uploads\/2025\/07\/Image-by-Vidar-Nordli-Mathisen.jpg\" class=\"attachment-full size-full wp-image-8289\" alt=\"\" srcset=\"https:\/\/villa-granada.com\/wp-content\/uploads\/2025\/07\/Image-by-Vidar-Nordli-Mathisen.jpg 756w, https:\/\/villa-granada.com\/wp-content\/uploads\/2025\/07\/Image-by-Vidar-Nordli-Mathisen-300x225.jpg 300w, https:\/\/villa-granada.com\/wp-content\/uploads\/2025\/07\/Image-by-Vidar-Nordli-Mathisen-600x449.jpg 600w\" sizes=\"(max-width: 756px) 100vw, 756px\" \/>\t\t\t\t\t\t\t\t\t\t\t\t\t\t\t<\/div>\n\t\t\t\t<\/div>\n\t\t<div class=\"elementor-element elementor-element-baeb17d e-con-full e-flex e-con e-child\" data-id=\"baeb17d\" data-element_type=\"container\" data-e-type=\"container\">\n\t\t\t\t<div class=\"elementor-element elementor-element-edcb8a8 elementor-widget elementor-widget-heading\" data-id=\"edcb8a8\" data-element_type=\"widget\" data-e-type=\"widget\" data-widget_type=\"heading.default\">\n\t\t\t\t\t<h2 class=\"elementor-heading-title elementor-size-default\">03 <br>Entdecken Sie Granada und die Alhambra  \n<\/h2>\t\t\t\t<\/div>\n\t\t\t\t<div class=\"elementor-element elementor-element-b86b6bd elementor-widget elementor-widget-text-editor\" data-id=\"b86b6bd\" data-element_type=\"widget\" data-e-type=\"widget\" data-widget_type=\"text-editor.default\">\n\t\t\t\t\t\t\t\t\t<p>Granada, das etwa 60 Kilometer n\u00f6rdlich liegt. Granada ist bekannt f\u00fcr seine reiche Geschichte, sein beeindruckendes kulturelles Erbe und seine ber\u00fchmte Alhambra, eines der meistbesuchten Monumente Spaniens. Es ist m\u00f6glich, Granada an einem Tag von Motril aus zu besuchen, entweder mit dem Auto oder mit \u00f6ffentlichen Verkehrsmitteln. Damit ist die Villa Granada die perfekte Ferienunterkunft, um die magische Stadt Granada zu entdecken.<\/p>\t\t\t\t\t\t\t\t<\/div>\n\t\t\t\t<\/div>\n\t\t\t\t\t<\/div>\n\t\t\t\t<\/div>\n\t\t<div class=\"elementor-element elementor-element-4d3d6c5 e-flex e-con-boxed e-con e-parent\" data-id=\"4d3d6c5\" data-element_type=\"container\" data-e-type=\"container\">\n\t\t\t\t\t<div class=\"e-con-inner\">\n\t\t\t\t<div class=\"elementor-element elementor-element-02a6db5 elementor-widget-divider--view-line elementor-widget elementor-widget-divider\" data-id=\"02a6db5\" data-element_type=\"widget\" data-e-type=\"widget\" data-widget_type=\"divider.default\">\n\t\t\t\t\t\t\t<div class=\"elementor-divider\">\n\t\t\t<span class=\"elementor-divider-separator\">\n\t\t\t\t\t\t<\/span>\n\t\t<\/div>\n\t\t\t\t\t\t<\/div>\n\t\t\t\t\t<\/div>\n\t\t\t\t<\/div>\n\t\t<div class=\"elementor-element elementor-element-1816da6 e-flex e-con-boxed e-con e-parent\" data-id=\"1816da6\" data-element_type=\"container\" data-e-type=\"container\">\n\t\t\t\t\t<div class=\"e-con-inner\">\n\t\t<div class=\"elementor-element elementor-element-543bf3a e-con-full e-flex e-con e-child\" data-id=\"543bf3a\" data-element_type=\"container\" data-e-type=\"container\">\n\t\t\t\t<div class=\"elementor-element elementor-element-df9afb2 elementor-widget elementor-widget-heading\" data-id=\"df9afb2\" data-element_type=\"widget\" data-e-type=\"widget\" data-widget_type=\"heading.default\">\n\t\t\t\t\t<h2 class=\"elementor-heading-title elementor-size-default\">04 <br>Alpujarra Granadina<\/h2>\t\t\t\t<\/div>\n\t\t\t\t<div class=\"elementor-element elementor-element-97a14c3 elementor-widget elementor-widget-text-editor\" data-id=\"97a14c3\" data-element_type=\"widget\" data-e-type=\"widget\" data-widget_type=\"text-editor.default\">\n\t\t\t\t\t\t\t\t\t<p>Obwohl Motril an der K\u00fcste liegt, ist es auch ein idealer Ausgangspunkt f\u00fcr die Erkundung der Alpujarra Granadina, einer wundersch\u00f6nen Bergregion an den S\u00fcdh\u00e4ngen der Sierra Nevada. Die Alpujarra Granadina ist bekannt f\u00fcr ihre malerischen wei\u00dfen D\u00f6rfer, Bergpfade und atemberaubenden Panoramablicke. Nur wenige Kilometer von Motril entfernt (ca. 35 km) finden Sie D\u00f6rfer wie Lanjar\u00f3n, Pampaneira oder Capileira, wo Sie die k\u00f6stliche lokale K\u00fcche genie\u00dfen, kleine Handwerksl\u00e4den besuchen und durch die einzigartigen Stra\u00dfen schlendern k\u00f6nnen.<\/p>\t\t\t\t\t\t\t\t<\/div>\n\t\t\t\t<\/div>\n\t\t<div class=\"elementor-element elementor-element-293b46c e-con-full e-flex e-con e-child\" data-id=\"293b46c\" data-element_type=\"container\" data-e-type=\"container\">\n\t\t\t\t<div class=\"elementor-element elementor-element-fd69c68 elementor-widget elementor-widget-image\" data-id=\"fd69c68\" data-element_type=\"widget\" data-e-type=\"widget\" data-widget_type=\"image.default\">\n\t\t\t\t\t\t\t\t\t\t\t\t\t\t\t<img loading=\"lazy\" decoding=\"async\" width=\"756\" height=\"564\" src=\"https:\/\/villa-granada.com\/wp-content\/uploads\/2025\/07\/Image-by-Kevin-Bessat.jpg\" class=\"attachment-full size-full wp-image-8292\" alt=\"\" srcset=\"https:\/\/villa-granada.com\/wp-content\/uploads\/2025\/07\/Image-by-Kevin-Bessat.jpg 756w, https:\/\/villa-granada.com\/wp-content\/uploads\/2025\/07\/Image-by-Kevin-Bessat-300x224.jpg 300w, https:\/\/villa-granada.com\/wp-content\/uploads\/2025\/07\/Image-by-Kevin-Bessat-600x448.jpg 600w\" sizes=\"(max-width: 756px) 100vw, 756px\" \/>\t\t\t\t\t\t\t\t\t\t\t\t\t\t\t<\/div>\n\t\t\t\t<\/div>\n\t\t\t\t\t<\/div>\n\t\t\t\t<\/div>\n\t\t<div class=\"elementor-element elementor-element-505da21 e-flex e-con-boxed e-con e-parent\" data-id=\"505da21\" data-element_type=\"container\" data-e-type=\"container\">\n\t\t\t\t\t<div class=\"e-con-inner\">\n\t\t\t\t<div class=\"elementor-element elementor-element-ff7a44f elementor-widget-divider--view-line elementor-widget elementor-widget-divider\" data-id=\"ff7a44f\" data-element_type=\"widget\" data-e-type=\"widget\" data-widget_type=\"divider.default\">\n\t\t\t\t\t\t\t<div class=\"elementor-divider\">\n\t\t\t<span class=\"elementor-divider-separator\">\n\t\t\t\t\t\t<\/span>\n\t\t<\/div>\n\t\t\t\t\t\t<\/div>\n\t\t\t\t\t<\/div>\n\t\t\t\t<\/div>\n\t\t<div class=\"elementor-element elementor-element-1c21634 e-flex e-con-boxed e-con e-parent\" data-id=\"1c21634\" data-element_type=\"container\" data-e-type=\"container\">\n\t\t\t\t\t<div class=\"e-con-inner\">\n\t\t<div class=\"elementor-element elementor-element-b5b196f e-con-full e-flex e-con e-child\" data-id=\"b5b196f\" data-element_type=\"container\" data-e-type=\"container\">\n\t\t\t\t<div class=\"elementor-element elementor-element-041f135 elementor-widget elementor-widget-image\" data-id=\"041f135\" data-element_type=\"widget\" data-e-type=\"widget\" data-widget_type=\"image.default\">\n\t\t\t\t\t\t\t\t\t\t\t\t\t\t\t<img loading=\"lazy\" decoding=\"async\" width=\"756\" height=\"566\" src=\"https:\/\/villa-granada.com\/wp-content\/uploads\/2025\/07\/98.jpg\" class=\"attachment-full size-full wp-image-8295\" alt=\"\" srcset=\"https:\/\/villa-granada.com\/wp-content\/uploads\/2025\/07\/98.jpg 756w, https:\/\/villa-granada.com\/wp-content\/uploads\/2025\/07\/98-300x225.jpg 300w, https:\/\/villa-granada.com\/wp-content\/uploads\/2025\/07\/98-600x449.jpg 600w\" sizes=\"(max-width: 756px) 100vw, 756px\" \/>\t\t\t\t\t\t\t\t\t\t\t\t\t\t\t<\/div>\n\t\t\t\t<\/div>\n\t\t<div class=\"elementor-element elementor-element-6fde83b e-con-full e-flex e-con e-child\" data-id=\"6fde83b\" data-element_type=\"container\" data-e-type=\"container\">\n\t\t\t\t<div class=\"elementor-element elementor-element-255c5e9 elementor-widget elementor-widget-heading\" data-id=\"255c5e9\" data-element_type=\"widget\" data-e-type=\"widget\" data-widget_type=\"heading.default\">\n\t\t\t\t\t<h2 class=\"elementor-heading-title elementor-size-default\">05 <br>Sierra Nevada<\/h2>\t\t\t\t<\/div>\n\t\t\t\t<div class=\"elementor-element elementor-element-0d52cc8 elementor-widget elementor-widget-text-editor\" data-id=\"0d52cc8\" data-element_type=\"widget\" data-e-type=\"widget\" data-widget_type=\"text-editor.default\">\n\t\t\t\t\t\t\t\t\t<p>Im Winter wird die Sierra Nevada zu einem sehr beliebten Ski- und Snowboardgebiet mit mehr als 100 Kilometern Skipisten. Besucher k\u00f6nnen auch andere Aktivit\u00e4ten wie Rodeln, Schlittschuhlaufen und Schneeschuhwandern genie\u00dfen. Die Sierra Nevada ist nur 1 Stunde von <span class=\"wixui-rich-text__text\">Villa Granada<\/span> und <span class=\"wixui-rich-text__text\">Motril entfernt ,<\/span> so dass das <span class=\"wixui-rich-text__text\">Ferienhaus<\/span> perfekt ist, um einen ganzj\u00e4hrigen Aufenthalt mit den Wundern der Sierra Nevada zu verbinden.<\/p>\t\t\t\t\t\t\t\t<\/div>\n\t\t\t\t<\/div>\n\t\t\t\t\t<\/div>\n\t\t\t\t<\/div>\n\t\t<div class=\"elementor-element elementor-element-3a75a5e e-flex e-con-boxed e-con e-parent\" data-id=\"3a75a5e\" data-element_type=\"container\" data-e-type=\"container\">\n\t\t\t\t\t<div class=\"e-con-inner\">\n\t\t\t\t<div class=\"elementor-element elementor-element-745e8ee elementor-widget-divider--view-line elementor-widget elementor-widget-divider\" data-id=\"745e8ee\" data-element_type=\"widget\" data-e-type=\"widget\" data-widget_type=\"divider.default\">\n\t\t\t\t\t\t\t<div class=\"elementor-divider\">\n\t\t\t<span class=\"elementor-divider-separator\">\n\t\t\t\t\t\t<\/span>\n\t\t<\/div>\n\t\t\t\t\t\t<\/div>\n\t\t\t\t\t<\/div>\n\t\t\t\t<\/div>\n\t\t<div class=\"elementor-element elementor-element-f10a2f4 e-flex e-con-boxed e-con e-parent\" data-id=\"f10a2f4\" data-element_type=\"container\" data-e-type=\"container\">\n\t\t\t\t\t<div class=\"e-con-inner\">\n\t\t<div class=\"elementor-element elementor-element-c5dd2d4 e-con-full e-flex e-con e-child\" data-id=\"c5dd2d4\" data-element_type=\"container\" data-e-type=\"container\">\n\t\t\t\t<div class=\"elementor-element elementor-element-62dbc8a elementor-widget elementor-widget-heading\" data-id=\"62dbc8a\" data-element_type=\"widget\" data-e-type=\"widget\" data-widget_type=\"heading.default\">\n\t\t\t\t\t<h2 class=\"elementor-heading-title elementor-size-default\">06 <br>Malaga<\/h2>\t\t\t\t<\/div>\n\t\t\t\t<div class=\"elementor-element elementor-element-516019e elementor-widget elementor-widget-text-editor\" data-id=\"516019e\" data-element_type=\"widget\" data-e-type=\"widget\" data-widget_type=\"text-editor.default\">\n\t\t\t\t\t\t\t\t\t<p>M\u00e1laga ist etwa 100 Kilometer von Motril entfernt, aber die ersten D\u00f6rfer der Costa del Sol sind in 40 km Entfernung zu erreichen. Diese Stadt ist bekannt f\u00fcr ihr kulturelles Angebot, ihr historisches Zentrum, ihre Str\u00e4nde und ihre Gastronomie. M\u00e1laga ist von Motril aus leicht zu erreichen, entweder mit dem Auto oder mit \u00f6ffentlichen Verkehrsmitteln, so dass Sie die Stadt an einem Tag besuchen und ihre Sehensw\u00fcrdigkeiten genie\u00dfen k\u00f6nnen.<\/p>\t\t\t\t\t\t\t\t<\/div>\n\t\t\t\t<\/div>\n\t\t<div class=\"elementor-element elementor-element-741ed68 e-con-full e-flex e-con e-child\" data-id=\"741ed68\" data-element_type=\"container\" data-e-type=\"container\">\n\t\t\t\t<div class=\"elementor-element elementor-element-5daac6f elementor-widget elementor-widget-image\" data-id=\"5daac6f\" data-element_type=\"widget\" data-e-type=\"widget\" data-widget_type=\"image.default\">\n\t\t\t\t\t\t\t\t\t\t\t\t\t\t\t<img loading=\"lazy\" decoding=\"async\" width=\"756\" height=\"564\" src=\"https:\/\/villa-granada.com\/wp-content\/uploads\/2025\/07\/Centro-de-la-ciudad.jpg\" class=\"attachment-full size-full wp-image-8298\" alt=\"\" srcset=\"https:\/\/villa-granada.com\/wp-content\/uploads\/2025\/07\/Centro-de-la-ciudad.jpg 756w, https:\/\/villa-granada.com\/wp-content\/uploads\/2025\/07\/Centro-de-la-ciudad-300x224.jpg 300w, https:\/\/villa-granada.com\/wp-content\/uploads\/2025\/07\/Centro-de-la-ciudad-600x448.jpg 600w\" sizes=\"(max-width: 756px) 100vw, 756px\" \/>\t\t\t\t\t\t\t\t\t\t\t\t\t\t\t<\/div>\n\t\t\t\t<\/div>\n\t\t\t\t\t<\/div>\n\t\t\t\t<\/div>\n\t\t\t\t<\/div>\n\t\t","protected":false},"excerpt":{"rendered":"<p>Die Umgebung der Villa Granada Motril Motril, wo sich die Gruppenunterkunft Villa Granada befindet, ist eine K\u00fcstenstadt in der Provinz Granada, Andalusien, Spanien. Im Herzen der Costa Tropical hat Motril eine privilegierte Lage, die es f\u00fcr Touristen sehr attraktiv macht. Motril hat Str\u00e4nde und Berge und liegt nur wenige Kilometer von den St\u00e4dten M\u00e1laga, Granada [&hellip;]<\/p>\n","protected":false},"author":1,"featured_media":0,"parent":0,"menu_order":0,"comment_status":"closed","ping_status":"closed","template":"","meta":{"_acf_changed":false,"footnotes":""},"class_list":["post-8457","page","type-page","status-publish","hentry"],"acf":[],"_links":{"self":[{"href":"https:\/\/villa-granada.com\/de\/wp-json\/wp\/v2\/pages\/8457","targetHints":{"allow":["GET"]}}],"collection":[{"href":"https:\/\/villa-granada.com\/de\/wp-json\/wp\/v2\/pages"}],"about":[{"href":"https:\/\/villa-granada.com\/de\/wp-json\/wp\/v2\/types\/page"}],"author":[{"embeddable":true,"href":"https:\/\/villa-granada.com\/de\/wp-json\/wp\/v2\/users\/1"}],"replies":[{"embeddable":true,"href":"https:\/\/villa-granada.com\/de\/wp-json\/wp\/v2\/comments?post=8457"}],"version-history":[{"count":2,"href":"https:\/\/villa-granada.com\/de\/wp-json\/wp\/v2\/pages\/8457\/revisions"}],"predecessor-version":[{"id":8613,"href":"https:\/\/villa-granada.com\/de\/wp-json\/wp\/v2\/pages\/8457\/revisions\/8613"}],"wp:attachment":[{"href":"https:\/\/villa-granada.com\/de\/wp-json\/wp\/v2\/media?parent=8457"}],"curies":[{"name":"wp","href":"https:\/\/api.w.org\/{rel}","templated":true}]}}